{"id":6,"date":"2020-04-22T10:01:52","date_gmt":"2020-04-22T13:01:52","guid":{"rendered":"https:\/\/sites.ideaactiva.com\/shaker\/?page_id=6"},"modified":"2020-08-10T11:29:58","modified_gmt":"2020-08-10T14:29:58","slug":"home","status":"publish","type":"page","link":"https:\/\/ciaintegral.com.ar\/","title":{"rendered":"Home"},"content":{"rendered":"<p>[vc_row type=&#8221;full_width_content&#8221; full_screen_row_position=&#8221;middle&#8221; column_margin=&#8221;default&#8221; column_direction=&#8221;default&#8221; column_direction_tablet=&#8221;default&#8221; column_direction_phone=&#8221;default&#8221; full_height=&#8221;yes&#8221; scene_position=&#8221;center&#8221; text_color=&#8221;dark&#8221; text_align=&#8221;left&#8221; row_border_radius=&#8221;none&#8221; row_border_radius_applies=&#8221;bg&#8221; overlay_strength=&#8221;0.3&#8243; gradient_direction=&#8221;left_to_right&#8221; enable_shape_divider=&#8221;true&#8221; shape_divider_color=&#8221;#ffffff&#8221; shape_divider_position=&#8221;bottom&#8221; shape_divider_height=&#8221;80&#8243; shape_divider_bring_to_front=&#8221;true&#8221; bg_image_animation=&#8221;none&#8221; parallax_bg=&#8221;true&#8221; parallax_bg_speed=&#8221;fast&#8221; shape_type=&#8221;waves_opacity_alt&#8221;][vc_column column_padding=&#8221;no-extra-padding&#8221; column_padding_tablet=&#8221;inherit&#8221; column_padding_phone=&#8221;inherit&#8221; column_padding_position=&#8221;all&#8221; background_color_opacity=&#8221;1&#8243; background_hover_color_opacity=&#8221;1&#8243; column_shadow=&#8221;none&#8221; column_border_radius=&#8221;none&#8221; column_link_target=&#8221;_self&#8221; gradient_direction=&#8221;left_to_right&#8221; overlay_strength=&#8221;0.3&#8243; width=&#8221;1\/1&#8243; tablet_width_inherit=&#8221;default&#8221; tablet_text_alignment=&#8221;default&#8221; phone_text_alignment=&#8221;default&#8221; column_border_width=&#8221;none&#8221; column_border_style=&#8221;solid&#8221; bg_image_animation=&#8221;none&#8221;][nectar_slider location=&#8221;HOME&#8221; full_width=&#8221;true&#8221; fullscreen=&#8221;true&#8221; overall_style=&#8221;directional&#8221; parallax=&#8221;true&#8221; bg_animation=&#8221;ken_burns&#8221; image_loading=&#8221;default&#8221; heading_tag=&#8221;default&#8221; button_sizing=&#8221;regular&#8221; autorotate=&#8221;5000&#8243;][\/vc_column][\/vc_row][vc_row type=&#8221;full_width_background&#8221; full_screen_row_position=&#8221;middle&#8221; column_margin=&#8221;default&#8221; column_direction=&#8221;default&#8221; column_direction_tablet=&#8221;default&#8221; column_direction_phone=&#8221;default&#8221; bg_color=&#8221;#ffffff&#8221; scene_position=&#8221;center&#8221; top_padding=&#8221;70&#8243; bottom_padding=&#8221;70&#8243; text_color=&#8221;custom&#8221; custom_text_color=&#8221;#000000&#8243; text_align=&#8221;left&#8221; row_border_radius=&#8221;none&#8221; row_border_radius_applies=&#8221;bg&#8221; id=&#8221;nosotros&#8221; overlay_strength=&#8221;0.3&#8243; gradient_direction=&#8221;left_to_right&#8221; enable_shape_divider=&#8221;true&#8221; shape_divider_color=&#8221;#abc837&#8243; shape_divider_position=&#8221;bottom&#8221; shape_divider_height=&#8221;85&#8243; shape_divider_bring_to_front=&#8221;true&#8221; bg_image_animation=&#8221;none&#8221; shape_type=&#8221;waves_opacity_alt&#8221;][vc_column column_padding=&#8221;padding-2-percent&#8221; column_padding_tablet=&#8221;inherit&#8221; column_padding_phone=&#8221;inherit&#8221; column_padding_position=&#8221;right&#8221; background_color_opacity=&#8221;1&#8243; background_hover_color_opacity=&#8221;1&#8243; column_shadow=&#8221;none&#8221; column_border_radius=&#8221;none&#8221; column_link_target=&#8221;_self&#8221; gradient_direction=&#8221;left_to_right&#8221; overlay_strength=&#8221;0.3&#8243; width=&#8221;1\/4&#8243; tablet_width_inherit=&#8221;default&#8221; tablet_text_alignment=&#8221;default&#8221; phone_text_alignment=&#8221;default&#8221; column_border_width=&#8221;none&#8221; column_border_style=&#8221;solid&#8221; bg_image_animation=&#8221;none&#8221;][image_with_animation image_url=&#8221;61&#8243; animation=&#8221;Grow In&#8221; hover_animation=&#8221;none&#8221; alignment=&#8221;&#8221; border_radius=&#8221;none&#8221; box_shadow=&#8221;none&#8221; image_loading=&#8221;default&#8221; max_width=&#8221;100%&#8221; max_width_mobile=&#8221;default&#8221;][\/vc_column][vc_column column_padding=&#8221;no-extra-padding&#8221; column_padding_tablet=&#8221;inherit&#8221; column_padding_phone=&#8221;inherit&#8221; column_padding_position=&#8221;all&#8221; background_color_opacity=&#8221;1&#8243; background_hover_color_opacity=&#8221;1&#8243; column_shadow=&#8221;none&#8221; column_border_radius=&#8221;none&#8221; column_link_target=&#8221;_self&#8221; gradient_direction=&#8221;left_to_right&#8221; overlay_strength=&#8221;0.3&#8243; width=&#8221;3\/4&#8243; tablet_width_inherit=&#8221;default&#8221; tablet_text_alignment=&#8221;default&#8221; phone_text_alignment=&#8221;default&#8221; column_border_width=&#8221;none&#8221; column_border_style=&#8221;solid&#8221; bg_image_animation=&#8221;none&#8221;][vc_column_text css_animation=&#8221;slideInUp&#8221;]<span style=\"color: #000000;\"><strong>CIA. INTEGRAL DE ETIQUETAS S.A.\u00a0<\/strong>est\u00e1 en el mercado local desde el a\u00f1o 1981, con el objetivo de ofrecer servicio, calidad y atenci\u00f3n personalizada.<\/span><br \/>\n<span style=\"color: #000000;\">Entendemos que la Etiqueta es una parte fundamental de su producto, es por eso que producimos todo tipo de Etiquetas Autoadhesivas en rollos y trabajamos con el m\u00e1s amplio surtido de materiales.<\/span><\/p>\n<p><span style=\"color: #000000;\">En C\u00eda. Integral de Etiquetas S.A. la direcci\u00f3n gestiona en forma comprometida, la totalidad de los recursos humanos, t\u00e9cnicos y financieros suficientes para cumplir con todos los requisitos.<\/span>[\/vc_column_text][\/vc_column][\/vc_row][vc_row type=&#8221;full_width_background&#8221; full_screen_row_position=&#8221;middle&#8221; column_margin=&#8221;default&#8221; column_direction=&#8221;default&#8221; column_direction_tablet=&#8221;default&#8221; column_direction_phone=&#8221;default&#8221; bg_color=&#8221;#abc837&#8243; scene_position=&#8221;center&#8221; top_padding=&#8221;50&#8243; bottom_padding=&#8221;50&#8243; text_color=&#8221;dark&#8221; text_align=&#8221;left&#8221; row_border_radius=&#8221;none&#8221; row_border_radius_applies=&#8221;bg&#8221; overlay_strength=&#8221;0.3&#8243; gradient_direction=&#8221;left_to_right&#8221; shape_divider_position=&#8221;bottom&#8221; bg_image_animation=&#8221;none&#8221; shape_type=&#8221;&#8221;][vc_column column_padding=&#8221;no-extra-padding&#8221; column_padding_tablet=&#8221;inherit&#8221; column_padding_phone=&#8221;inherit&#8221; column_padding_position=&#8221;all&#8221; background_color_opacity=&#8221;1&#8243; background_hover_color_opacity=&#8221;1&#8243; column_shadow=&#8221;none&#8221; column_border_radius=&#8221;none&#8221; column_link_target=&#8221;_self&#8221; gradient_direction=&#8221;left_to_right&#8221; overlay_strength=&#8221;0.3&#8243; width=&#8221;1\/1&#8243; tablet_width_inherit=&#8221;default&#8221; tablet_text_alignment=&#8221;default&#8221; phone_text_alignment=&#8221;default&#8221; column_border_width=&#8221;none&#8221; column_border_style=&#8221;solid&#8221; bg_image_animation=&#8221;none&#8221;][vc_row_inner column_margin=&#8221;default&#8221; column_direction=&#8221;default&#8221; column_direction_tablet=&#8221;default&#8221; column_direction_phone=&#8221;default&#8221; text_align=&#8221;left&#8221;][vc_column_inner column_padding=&#8221;no-extra-padding&#8221; column_padding_tablet=&#8221;inherit&#8221; column_padding_phone=&#8221;inherit&#8221; column_padding_position=&#8221;all&#8221; centered_text=&#8221;true&#8221; background_color_opacity=&#8221;1&#8243; background_hover_color_opacity=&#8221;1&#8243; column_shadow=&#8221;none&#8221; column_border_radius=&#8221;none&#8221; column_link_target=&#8221;_self&#8221; gradient_direction=&#8221;left_to_right&#8221; overlay_strength=&#8221;0.3&#8243; width=&#8221;1\/1&#8243; tablet_width_inherit=&#8221;default&#8221; column_border_width=&#8221;none&#8221; column_border_style=&#8221;solid&#8221; bg_image_animation=&#8221;zoom-out&#8221; enable_animation=&#8221;true&#8221; animation=&#8221;zoom-out&#8221; delay=&#8221;100&#8243;][nectar_animated_title heading_tag=&#8221;h4&#8243; style=&#8221;color-strip-reveal&#8221; color=&#8221;Extra-Color-1&#8243; text_color=&#8221;#000000&#8243; text=&#8221;PRODUCTOS&#8221;][\/vc_column_inner][\/vc_row_inner][vc_row_inner column_margin=&#8221;default&#8221; column_direction=&#8221;default&#8221; column_direction_tablet=&#8221;default&#8221; column_direction_phone=&#8221;default&#8221; text_align=&#8221;left&#8221;][vc_column_inner column_padding=&#8221;no-extra-padding&#8221; column_padding_tablet=&#8221;inherit&#8221; column_padding_phone=&#8221;inherit&#8221; column_padding_position=&#8221;all&#8221; background_color_opacity=&#8221;1&#8243; background_hover_color_opacity=&#8221;1&#8243; column_shadow=&#8221;none&#8221; column_border_radius=&#8221;none&#8221; column_link_target=&#8221;_self&#8221; gradient_direction=&#8221;left_to_right&#8221; overlay_strength=&#8221;0.3&#8243; width=&#8221;1\/3&#8243; tablet_width_inherit=&#8221;default&#8221; column_border_width=&#8221;none&#8221; column_border_style=&#8221;solid&#8221; bg_image_animation=&#8221;fade-in&#8221; enable_animation=&#8221;true&#8221; animation=&#8221;grow-in&#8221; delay=&#8221;250&#8243;][nectar_flip_box image_url_1=&#8221;81&#8243; text_color=&#8221;dark&#8221; icon_color=&#8221;accent-color&#8221; image_url_2=&#8221;81&#8243; bg_color_2=&#8221;#a5a5a5&#8243; bg_color_overlay_2=&#8221;true&#8221; text_color_2=&#8221;dark&#8221; h_text_align=&#8221;center&#8221; v_text_align=&#8221;center&#8221; image_loading=&#8221;lazy-load&#8221; flip_direction=&#8221;horizontal-to-right&#8221; front_content=&#8221;`{`button color=&#8220;extra-color-2&#8220; hover_text_color_override=&#8220;#fff&#8220; url=&#8220;&#8220; text=&#8220;ETIQUETAS AUTOADHESIVAS&#8220; color_override=&#8220;&#8220;`}`&#8221; min_height=&#8221;250&#8243;]<\/p>\n<p style=\"text-align: center;\"><span style=\"color: #000000;\"><strong>Ofrecemos una AMPLIA GAMA de Etiquetas Autoadhesivas dise\u00f1adas exclusivamente para cada cliente.<\/strong><\/span><\/p>\n<p style=\"text-align: center;\">[button color=&#8221;accent-color&#8221; hover_text_color_override=&#8221;#fff&#8221; size=&#8221;small&#8221; url=&#8221;https:\/\/ciaintegral.com.ar\/?page_id=117&#8243; text=&#8221;VER M\u00c1S&#8221; color_override=&#8221;&#8221;]<\/p>\n<p>[\/nectar_flip_box][\/vc_column_inner][vc_column_inner column_padding=&#8221;no-extra-padding&#8221; column_padding_tablet=&#8221;inherit&#8221; column_padding_phone=&#8221;inherit&#8221; column_padding_position=&#8221;all&#8221; background_color_opacity=&#8221;1&#8243; background_hover_color_opacity=&#8221;1&#8243; column_shadow=&#8221;none&#8221; column_border_radius=&#8221;none&#8221; column_link_target=&#8221;_self&#8221; gradient_direction=&#8221;left_to_right&#8221; overlay_strength=&#8221;0.3&#8243; width=&#8221;1\/3&#8243; tablet_width_inherit=&#8221;default&#8221; column_border_width=&#8221;none&#8221; column_border_style=&#8221;solid&#8221; bg_image_animation=&#8221;none&#8221; enable_animation=&#8221;true&#8221; animation=&#8221;grow-in&#8221; delay=&#8221;500&#8243;][nectar_flip_box image_url_1=&#8221;88&#8243; text_color=&#8221;dark&#8221; icon_color=&#8221;accent-color&#8221; image_url_2=&#8221;88&#8243; bg_color_2=&#8221;#a5a5a5&#8243; bg_color_overlay_2=&#8221;true&#8221; text_color_2=&#8221;dark&#8221; h_text_align=&#8221;center&#8221; v_text_align=&#8221;center&#8221; image_loading=&#8221;lazy-load&#8221; flip_direction=&#8221;horizontal-to-right&#8221; front_content=&#8221;`{`button color=&#8220;extra-color-2&#8220; hover_text_color_override=&#8220;#fff&#8220; url=&#8220;&#8220; text=&#8220;RIBBONS&#8220; color_override=&#8220;&#8220;`}`&#8221; min_height=&#8221;250&#8243;]<\/p>\n<p style=\"text-align: center;\"><span style=\"color: #000000;\"><strong>Son utilizados para la impresi\u00f3n de Etiquetas que requieren datos variables, mediante el uso de impresoras por transferencia t\u00e9rmica.<\/strong><\/span><\/p>\n<p style=\"text-align: center;\">[button color=&#8221;accent-color&#8221; hover_text_color_override=&#8221;#fff&#8221; size=&#8221;small&#8221; url=&#8221;https:\/\/ciaintegral.com.ar\/?page_id=178&#8243; text=&#8221;VER M\u00c1S&#8221; color_override=&#8221;&#8221;]<\/p>\n<p>[\/nectar_flip_box][\/vc_column_inner][vc_column_inner column_padding=&#8221;no-extra-padding&#8221; column_padding_tablet=&#8221;inherit&#8221; column_padding_phone=&#8221;inherit&#8221; column_padding_position=&#8221;all&#8221; background_color_opacity=&#8221;1&#8243; background_hover_color_opacity=&#8221;1&#8243; column_shadow=&#8221;none&#8221; column_border_radius=&#8221;none&#8221; column_link_target=&#8221;_self&#8221; gradient_direction=&#8221;left_to_right&#8221; overlay_strength=&#8221;0.3&#8243; width=&#8221;1\/3&#8243; tablet_width_inherit=&#8221;default&#8221; column_border_width=&#8221;none&#8221; column_border_style=&#8221;solid&#8221; bg_image_animation=&#8221;fade-in&#8221; enable_animation=&#8221;true&#8221; animation=&#8221;grow-in&#8221; delay=&#8221;750&#8243;][nectar_flip_box image_url_1=&#8221;85&#8243; text_color=&#8221;dark&#8221; icon_color=&#8221;accent-color&#8221; image_url_2=&#8221;85&#8243; bg_color_2=&#8221;#a5a5a5&#8243; bg_color_overlay_2=&#8221;true&#8221; text_color_2=&#8221;dark&#8221; h_text_align=&#8221;center&#8221; v_text_align=&#8221;center&#8221; image_loading=&#8221;lazy-load&#8221; flip_direction=&#8221;horizontal-to-right&#8221; front_content=&#8221;`{`button color=&#8220;extra-color-2&#8220; hover_text_color_override=&#8220;#fff&#8220; url=&#8220;&#8220; text=&#8220;IMPRESORAS T\u00c9RMICAS&#8220; color_override=&#8220;&#8220;`}`&#8221; min_height=&#8221;250&#8243;]<\/p>\n<p style=\"text-align: center;\"><span style=\"color: #000000;\"><strong>Ofrecemos una AMPLIA GAMA de &#8220;Maquinarias Zebra&#8221;, l\u00edderes globales en soluciones de Impresi\u00f3n t\u00e9rmica.<\/strong><\/span><\/p>\n<p style=\"text-align: center;\">[button color=&#8221;accent-color&#8221; hover_text_color_override=&#8221;#fff&#8221; size=&#8221;small&#8221; url=&#8221;https:\/\/ciaintegral.com.ar\/?page_id=187&#8243; text=&#8221;VER M\u00c1S&#8221; color_override=&#8221;&#8221;]<\/p>\n<p>[\/nectar_flip_box][\/vc_column_inner][\/vc_row_inner][\/vc_column][\/vc_row]<\/p>\n","protected":false},"excerpt":{"rendered":"<p>[vc_row type=&#8221;full_width_content&#8221; full_screen_row_position=&#8221;middle&#8221; column_margin=&#8221;default&#8221; column_direction=&#8221;default&#8221; column_direction_tablet=&#8221;default&#8221; column_direction_phone=&#8221;default&#8221; full_height=&#8221;yes&#8221; scene_position=&#8221;center&#8221; text_color=&#8221;dark&#8221; text_align=&#8221;left&#8221; row_border_radius=&#8221;none&#8221; row_border_radius_applies=&#8221;bg&#8221; overlay_strength=&#8221;0.3&#8243; gradient_direction=&#8221;left_to_right&#8221; enable_shape_divider=&#8221;true&#8221; shape_divider_color=&#8221;#ffffff&#8221; shape_divider_position=&#8221;bottom&#8221; shape_divider_height=&#8221;80&#8243; shape_divider_bring_to_front=&#8221;true&#8221; bg_image_animation=&#8221;none&#8221; parallax_bg=&#8221;true&#8221; parallax_bg_speed=&#8221;fast&#8221; shape_type=&#8221;waves_opacity_alt&#8221;][vc_column column_padding=&#8221;no-extra-padding&#8221; column_padding_tablet=&#8221;inherit&#8221; column_padding_phone=&#8221;inherit&#8221; column_padding_position=&#8221;all&#8221; background_color_opacity=&#8221;1&#8243; background_hover_color_opacity=&#8221;1&#8243; column_shadow=&#8221;none&#8221; column_border_radius=&#8221;none&#8221; column_link_target=&#8221;_self&#8221; gradient_direction=&#8221;left_to_right&#8221; overlay_strength=&#8221;0.3&#8243; width=&#8221;1\/1&#8243; tablet_width_inherit=&#8221;default&#8221; tablet_text_alignment=&#8221;default&#8221; phone_text_alignment=&#8221;default&#8221; column_border_width=&#8221;none&#8221; column_border_style=&#8221;solid&#8221; bg_image_animation=&#8221;none&#8221;][nectar_slider location=&#8221;HOME&#8221; full_width=&#8221;true&#8221; fullscreen=&#8221;true&#8221; overall_style=&#8221;directional&#8221; parallax=&#8221;true&#8221; bg_animation=&#8221;ken_burns&#8221; image_loading=&#8221;default&#8221; heading_tag=&#8221;default&#8221; button_sizing=&#8221;regular&#8221; autorotate=&#8221;5000&#8243;][\/vc_column][\/vc_row][vc_row type=&#8221;full_width_background&#8221; full_screen_row_position=&#8221;middle&#8221; column_margin=&#8221;default&#8221; [&hellip;]<\/p>\n","protected":false},"author":2,"featured_media":0,"parent":0,"menu_order":0,"comment_status":"closed","ping_status":"closed","template":"","meta":{"footnotes":""},"class_list":["post-6","page","type-page","status-publish","hentry"],"_links":{"self":[{"href":"https:\/\/ciaintegral.com.ar\/index.php?rest_route=\/wp\/v2\/pages\/6","targetHints":{"allow":["GET"]}}],"collection":[{"href":"https:\/\/ciaintegral.com.ar\/index.php?rest_route=\/wp\/v2\/pages"}],"about":[{"href":"https:\/\/ciaintegral.com.ar\/index.php?rest_route=\/wp\/v2\/types\/page"}],"author":[{"embeddable":true,"href":"https:\/\/ciaintegral.com.ar\/index.php?rest_route=\/wp\/v2\/users\/2"}],"replies":[{"embeddable":true,"href":"https:\/\/ciaintegral.com.ar\/index.php?rest_route=%2Fwp%2Fv2%2Fcomments&post=6"}],"version-history":[{"count":59,"href":"https:\/\/ciaintegral.com.ar\/index.php?rest_route=\/wp\/v2\/pages\/6\/revisions"}],"predecessor-version":[{"id":227,"href":"https:\/\/ciaintegral.com.ar\/index.php?rest_route=\/wp\/v2\/pages\/6\/revisions\/227"}],"wp:attachment":[{"href":"https:\/\/ciaintegral.com.ar\/index.php?rest_route=%2Fwp%2Fv2%2Fmedia&parent=6"}],"curies":[{"name":"wp","href":"https:\/\/api.w.org\/{rel}","templated":true}]}}